{"id":37257,"date":"2023-02-03T08:46:40","date_gmt":"2023-02-03T13:46:40","guid":{"rendered":"https:\/\/www.presbyterianfoundation.org\/?page_id=37257"},"modified":"2025-09-25T13:49:35","modified_gmt":"2025-09-25T17:49:35","slug":"enfoque-de-la-inversion-socialmente-responsable","status":"publish","type":"page","link":"https:\/\/www.presbyterianfoundation.org\/es\/approach-to-socially-responsible-investing\/","title":{"rendered":"Enfoque de la inversi\u00f3n socialmente responsable"},"content":{"rendered":"<div class=\"col-lg-12\">\n<p>La Fundaci\u00f3n Presbiteriana (FDN) ha seguido fielmente las directrices de inversi\u00f3n de la Asamblea General a lo largo de sus m\u00e1s de 200 a\u00f1os de historia. El enfoque de la inversi\u00f3n socialmente responsable se basa en la fe y en los valores presbiterianos de las consideraciones teol\u00f3gicas, sociales y econ\u00f3micas.<\/p>\n<p>La Fundaci\u00f3n Presbiteriana utiliza tres v\u00edas principales para ejecutar una estrategia de inversi\u00f3n socialmente responsable:<\/p>\n<ol>\n<li><strong>Defensa del accionista:<\/strong>\n<ol>\n<li>Votaci\u00f3n por delegaci\u00f3n - La FDN vota todas las delegaciones de voto de las empresas de las que somos propietarios de una manera socialmente responsable, que pretende animar a las empresas a ser mejores ciudadanos corporativos.<\/li>\n<li>Compromiso con los accionistas - La FDN colabora con MRTI (Misi\u00f3n de Responsabilidad a trav\u00e9s de la Inversi\u00f3n) con empresas de las que somos propietarios para lograr un cambio empresarial en favor del bien social.<\/li>\n<li>Resoluciones de los accionistas - La FDN utiliza las acciones de su propiedad para presentar y presentar conjuntamente resoluciones corporativas que fomenten mejores pr\u00e1cticas empresariales en cuestiones medioambientales, sociales y de gobernanza.<\/li>\n<\/ol>\n<\/li>\n<li><strong>Inversi\u00f3n (de impacto) comunitaria:<\/strong>\n<ol>\n<li>Microfinanciaci\u00f3n - La FDN concede pr\u00e9stamos en zonas econ\u00f3micamente deprimidas del mundo proporcionando capital circulante a comunidades a las que no llegan los servicios financieros tradicionales.<\/li>\n<\/ol>\n<\/li>\n<li><strong>Proyecci\u00f3n:<\/strong>\n<ol>\n<li>Positive Screens - Investigaci\u00f3n, calificaciones y an\u00e1lisis medioambientales, sociales y de gobernanza sobre las pr\u00e1cticas empresariales de las empresas en las que invertimos.<\/li>\n<li>Pantallas negativas - La FDN sigue las directrices de la Asamblea General y proh\u00edbe la inversi\u00f3n en alcohol, tabaco, armas, juegos de azar, infractores de los derechos humanos y prisiones con \u00e1nimo de lucro. Los gestores de inversiones de la FDN pueden invertir en todos los dem\u00e1s sectores del mercado.<\/li>\n<\/ol>\n<\/li>\n<\/ol>\n<p>&nbsp;<\/p>\n<p><em>La Fundaci\u00f3n Presbiteriana es signataria de los Principios de Inversi\u00f3n Responsable (UNPRI) respaldados por la ONU. Para m\u00e1s informaci\u00f3n sobre la condici\u00f3n de signataria de la Fundaci\u00f3n Presbiteriana y los Principios de Inversi\u00f3n Responsable, v\u00e9ase <a href=\"http:\/\/www.unpri.org\/\" target=\"_blank\" rel=\"noopener\">www.unpri.org<\/a>. La Fundaci\u00f3n Presbiteriana tambi\u00e9n ha desarrollado una Pol\u00edtica de Inversi\u00f3n Responsable y se ha comprometido a integrar los factores de riesgo ASG en su proceso de inversi\u00f3n, lo que implica un enfoque fundamental ascendente de cada oportunidad de inversi\u00f3n. El objetivo principal del informe es permitir la transparencia de los firmantes sobre las actividades de inversi\u00f3n responsable y facilitar el di\u00e1logo entre los inversores y sus clientes, beneficiarios y otras partes interesadas.<\/em><\/p>\n<p><img loading=\"lazy\" decoding=\"async\" class=\"alignnone wp-image-7309\" src=\"http:\/\/www.presbyterianfoundation.org\/wp-content\/uploads\/2019\/04\/www_unpri.png\" sizes=\"auto, (max-width: 159px) 100vw, 159px\" srcset=\"https:\/\/www.presbyterianfoundation.org\/wp-content\/uploads\/2019\/04\/www_unpri.png 367w, https:\/\/www.presbyterianfoundation.org\/wp-content\/uploads\/2019\/04\/www_unpri-300x56.png 300w\" alt=\"\" width=\"159\" height=\"30\" \/><\/p>\n<\/div>","protected":false},"excerpt":{"rendered":"<p>The Presbyterian Foundation (FDN) has faithfully followed the investment guidelines of the General Assembly throughout its 200+ year history. The investment approach to socially responsible investing is faith-based \u2014 drawing [&hellip;]<\/p>\n","protected":false},"author":5,"featured_media":37258,"parent":0,"menu_order":53,"comment_status":"closed","ping_status":"closed","template":"","meta":{"_acf_changed":false,"footnotes":""},"class_list":["post-37257","page","type-page","status-publish","has-post-thumbnail","hentry"],"acf":[],"aioseo_notices":[],"_links":{"self":[{"href":"https:\/\/www.presbyterianfoundation.org\/es\/wp-json\/wp\/v2\/pages\/37257","targetHints":{"allow":["GET"]}}],"collection":[{"href":"https:\/\/www.presbyterianfoundation.org\/es\/wp-json\/wp\/v2\/pages"}],"about":[{"href":"https:\/\/www.presbyterianfoundation.org\/es\/wp-json\/wp\/v2\/types\/page"}],"author":[{"embeddable":true,"href":"https:\/\/www.presbyterianfoundation.org\/es\/wp-json\/wp\/v2\/users\/5"}],"replies":[{"embeddable":true,"href":"https:\/\/www.presbyterianfoundation.org\/es\/wp-json\/wp\/v2\/comments?post=37257"}],"version-history":[{"count":0,"href":"https:\/\/www.presbyterianfoundation.org\/es\/wp-json\/wp\/v2\/pages\/37257\/revisions"}],"wp:featuredmedia":[{"embeddable":true,"href":"https:\/\/www.presbyterianfoundation.org\/es\/wp-json\/wp\/v2\/media\/37258"}],"wp:attachment":[{"href":"https:\/\/www.presbyterianfoundation.org\/es\/wp-json\/wp\/v2\/media?parent=37257"}],"curies":[{"name":"wp","href":"https:\/\/api.w.org\/{rel}","templated":true}]}}